{"id":137,"date":"2016-04-13T15:59:19","date_gmt":"2016-04-13T13:59:19","guid":{"rendered":"http:\/\/www.campiriomangini.com\/wordpress\/?page_id=137"},"modified":"2016-04-19T14:57:36","modified_gmt":"2016-04-19T12:57:36","slug":"news","status":"publish","type":"page","link":"https:\/\/www.campiriomangini.com\/wordpress\/news\/","title":{"rendered":"News"},"content":{"rendered":"<div class='jsn-bootstrap3'><div id='VfLU5f' class='row '  style='padding-top:10px;padding-bottom:10px;padding-left:10px;padding-right:10px;'><div class=\"col-md-2 col-sm-2 col-xs-12 \" ><\/div><div class=\"col-md-8 col-sm-8 col-xs-12 \" ><div   class='jsn-bootstrap3 wr-element-container wr-element-text' ><div class=\"wr_text\" id=\"bMkizV\"><\/p>\n<p style=\"text-align: justify;\"><span style=\"color: #008000;\"><strong>Maria Bianchi Associazione<\/strong><\/span><\/p>\n<p style=\"text-align: justify;\">La nostra metodologia al Convegno Internazionale Ifotes &#8211; Aquisgrana<br \/>\nL&#8217;Associazione \u00e8 stata invitata a presentare le proprie metodologie di supporto nel lutto al XX Congresso Internazionale Ifotes ad Aquisgrana, Germania (19-22 Luglio) centrato sul tema del suicidio.<br \/>\nLe nostre attivit\u00e0 saranno oggetto di presentazione nelle sedute plenarie e di attivit\u00e0 laboratoriali riservate ad iscritti dai vari Stati d&#8217;Europa.<br \/>\nIl modello che utilizziamo nel servizio &#8216;Cor-rispondenze&#8217; e l&#8217;approccio denominato &#8216;Narrazione Guidata&#8217; verranno utilizzati per la formazione di operatori e volontari che operano in varie strutture di supporto in numerosi Stati dell&#8217;Europa.<br \/>\nPer iscrizioni e approfondimenti sul programma:<br \/>\n<strong style=\"color: #000080;\"><em>http:\/\/www.ifotescongress2016.org<\/em><\/strong><\/p>\n<hr \/>\n<p style=\"text-align: justify;\"><span style=\"color: #008000;\"><strong>Maria Bianchi Associazione<\/strong><\/span><br \/>\nL&#8217;ultimo libro utile per chi vuole conoscere e approfondire l&#8217;approccio appositamente ideato per il supporto alla persone in lutto e che viene insegnato durante i percorsi di formazione ad operatori, volontari specialisti della relazione d&#8217;aiuto operanti in associazioni, hospices, ospedali, universit\u00e0:<br \/>\n<strong><em>Narrazione Guidata &#8211; un sistema logico\/linguistico.<\/em><\/strong><br \/>\n<strong><em> Teoria e pratica di un modello d&#8217;intervento nelle situazioni di lutto.<\/em><\/strong><br \/>\n<strong><span style=\"color: #000080;\"><em>http:\/\/www.mariabianchi.it<\/em><\/span><\/strong><\/p>\n<p style=\"text-align: justify;\"><span style=\"color: #008000;\"><strong>Per aiutarvi a superare il lutto ricorrete alle essenze profumate<\/strong><\/span><\/p>\n<p style=\"text-align: justify;\">I fiori di Bach sono alcune delle essenze naturali che vi aiutano ad affrontare i disturbi emotivi in modo naturale esenza alterare il vostro comportamento con la forza, ma essendo un leggero aiuto che la persona sofferente pu\u00f2 notare con molto sollievo.<br \/>\nGli stadi di sofferenza sono alcuni dei momenti in cui questi rimedi funzionano in modopi\u00f9 efficace. Non hanno controindicazioni n\u00e9 effetti collateraliepertanto possono essere assunti da bambini, anziani, donne incinte o persone malateche fanno uso di medicinali.<br \/>\nDi seguito vi indichiamo i fiori pi\u00f9 adeguati:<br \/>\nIl rimedio d\u2019emergenza<br \/>\nSi consigliail rimedio d\u2019emergenzain caso di morti o subito dopo, nella fase pi\u00f9 critica, in momenti di nervosismo, ansia, perdita di autocontrollo e disperazione.<br \/>\n<strong>Ornithogalum umbellatum<\/strong><br \/>\nConosciuta come stella di Betlemme, \u00e8 il fiore del lutto, idealecontro uno shock improvviso.<br \/>\n<strong>Agrifoglio<\/strong><br \/>\nL\u2019agrifoglio \u00e8 molto efficace quando si sentemolta rabbiae si \u00e8adirati per quello che \u00e8 successo.<br \/>\n<strong>Salix vitellina<\/strong><br \/>\nPotete ricorrere al salice giallo quando avete un risentimento, un\u2019amarezza che portate dentro o anche quando provate invidia nel vedere persone felici.<br \/>\n<strong>Calluna vulgaris<\/strong><br \/>\nGrazie ad esso, potete superare la paura della solitudine dopo aver perso qualcuno al quale eravate molto affezionati.<br \/>\n<strong>Mimolo giallo<\/strong><br \/>\nPotete utilizzarlo quando avete paure della morte, delle malattie, della solitudine e in caso di problemieconomici.<br \/>\n<strong>Caprifoglio comune<\/strong><br \/>\nIl caprifoglio vi aiuta a immettervi nel presentequando continuate a vivere nel passato.<\/p>\n<p style=\"text-align: justify;\"><span style=\"color: #008000;\"><strong>Addio ai cimiteri, Con Urna Bios: dopo la morte saremo tutti alberi<\/strong><\/span><br \/>\nI cimiteri si trasformano in foreste con Urna Bios, l\u2019urna biodegradabile che trasforma le nostre ceneri in alberi.Addio ai cimiteri: dopo la morte si potr\u00e0 essere tutti alberi. Altro che reincarnazione: da esseri umani sulla Terra, nell\u2019aldil\u00e0 potremmo essere tutti esseri vegetali. \u00c9 la rivoluzionaria idea di Martin Azua: creare un\u2019urna che permette di ritornare alla vita dopo la morte, ma sotto forma di pianta. L\u2019oggetto realizzato si chiama Urna Bios, realizzata in noce di cocco, torba compattata e cellulosa (materiali biodegradabili), trasformer\u00e0 le ceneri del defunto in un albero dopo la morte. Dentro l\u2019urna c\u2019\u00e8 un seme di pino, che pu\u00f2 essere sostituito da qualsiasi altra sementa o pianta, che crescer\u00e0 per ricordare la persona amata in un modo unico. Si pu\u00f2 dunque anche scegliere che tipo di albero si desidera essere dopo la morte. Bios Urn trasforma la morte in un ritorno alla vita attraverso la natura.<\/p>\n<p>\n<\/div><\/div>\n<\/div><div class=\"col-md-2 col-sm-2 col-xs-12 \" ><\/div>\n<\/div><\/div>\n","protected":false},"excerpt":{"rendered":"<p>Maria Bianchi Associazione La nostra metodologia al Convegno Internazionale Ifotes &#8211; Aquisgrana L&#8217;Associazione \u00e8 stata invitata a presentare le proprie metodologie di supporto nel lutto al XX Congresso Internazionale Ifotes ad Aquisgrana, Germania (19-22 Luglio) centrato sul tema del suicidio. Le nostre attivit\u00e0 saranno oggetto di presentazione nelle sedute plenarie e di attivit\u00e0 laboratoriali riservate&#8230;<\/p>\n","protected":false},"author":1,"featured_media":0,"parent":0,"menu_order":0,"comment_status":"closed","ping_status":"closed","template":"page-templates\/full-width.php","meta":{"ngg_post_thumbnail":0,"footnotes":""},"class_list":["post-137","page","type-page","status-publish","hentry","jsn-master"],"_links":{"self":[{"href":"https:\/\/www.campiriomangini.com\/wordpress\/wp-json\/wp\/v2\/pages\/137","targetHints":{"allow":["GET"]}}],"collection":[{"href":"https:\/\/www.campiriomangini.com\/wordpress\/wp-json\/wp\/v2\/pages"}],"about":[{"href":"https:\/\/www.campiriomangini.com\/wordpress\/wp-json\/wp\/v2\/types\/page"}],"author":[{"embeddable":true,"href":"https:\/\/www.campiriomangini.com\/wordpress\/wp-json\/wp\/v2\/users\/1"}],"replies":[{"embeddable":true,"href":"https:\/\/www.campiriomangini.com\/wordpress\/wp-json\/wp\/v2\/comments?post=137"}],"version-history":[{"count":1,"href":"https:\/\/www.campiriomangini.com\/wordpress\/wp-json\/wp\/v2\/pages\/137\/revisions"}],"predecessor-version":[{"id":139,"href":"https:\/\/www.campiriomangini.com\/wordpress\/wp-json\/wp\/v2\/pages\/137\/revisions\/139"}],"wp:attachment":[{"href":"https:\/\/www.campiriomangini.com\/wordpress\/wp-json\/wp\/v2\/media?parent=137"}],"curies":[{"name":"wp","href":"https:\/\/api.w.org\/{rel}","templated":true}]}}