{"id":31,"date":"2016-04-05T15:53:56","date_gmt":"2016-04-05T13:53:56","guid":{"rendered":"http:\/\/www.campiriomangini.com\/wordpress\/?page_id=31"},"modified":"2018-10-22T10:18:09","modified_gmt":"2018-10-22T08:18:09","slug":"principi-fondamentali","status":"publish","type":"page","link":"https:\/\/www.campiriomangini.com\/wordpress\/principi-fondamentali\/","title":{"rendered":"etica"},"content":{"rendered":"<div class='jsn-bootstrap3'><div id='TNEqCP' class='row '  style='padding-top:10px;padding-bottom:10px;padding-left:10px;padding-right:10px;'><div class=\"col-md-2 col-sm-2 col-xs-12 \" ><\/div><div class=\"col-md-8 col-sm-8 col-xs-12 \" ><div   class='jsn-bootstrap3 wr-element-container wr-element-heading' style='margin-top:5px; margin-bottom:25px '><h1 style=''>Principi fondamentali<\/h1><\/div><div   class='jsn-bootstrap3 wr-element-container wr-element-text' ><div class=\"wr_text\" id=\"J6Ykgt\"><\/p>\n<ul>\n<li style=\"text-align: justify;\"><span style=\"color: #008000;\"><strong>Etica: rispetto e cortesia<br \/>\n<\/strong><\/span>Il rispetto e l\u2019attenzione normalmente necessari per ogni tipologia di servizio fornito ad un cliente deve, necessariamente, nel settore funebre avere un ruolo di primaria rilevanza. Il momento di dolore e la drammaticit\u00e0 dell\u2019evento che sempre porta un familiare colpito da un lutto a chiedere la nostra indispensabile e improrogabile collaborazione fanno del cliente una persona potenzialmente non nel pieno della sua lucidit\u00e0. Tutti gli operatori di Campirio e Mangini sono quindi stati formati attraverso appositi corsi di Elaborazione del Lutto, e solo in un momento successivo sulle competenze tecniche, sanitarie e burocratiche.<\/li>\n<li style=\"text-align: justify;\"><span style=\"color: #008000;\"><strong>Uguaglianza e Imparzialit\u00e0<br \/>\n<\/strong><\/span>L\u2019uguaglianza dei diritti all\u2019utente \u00e8 sempre garantita. L\u2019utente, indipendentemente dal sesso, dall\u2019etnia, dalla lingua, dalla religione, dalle condizioni psico-fisiche e socio-economiche ha uguali diritti e gli \u00e8 quindi garantita un\u2019imparzialit\u00e0 di trattamento, a parit\u00e0 di servizio scelto. Uguaglianza di diritti che si traduce anche nel rispetto di ogni credo e cultura dei dolenti, attraverso l\u2019espletamento del servizio funebre secondo gli usi e le tradizioni di ciascuno.<\/li>\n<li style=\"text-align: justify;\"><span style=\"color: #008000;\"><strong>Legalit\u00e0 e Diritto di scelta<br \/>\n<\/strong><\/span>Campirio e Mangini, sin dalla sua nascita, si \u00e8 sempre impegnata a vanificare gli sforzi di coloro che, in maniera fraudolenta, spesso speculano e si approfittano del momento di smarrimento provocato dalla perdita di una persona cara. Sono sempre stati e continueranno ad essere messi in atto tutti gli accorgimenti possibili per far comprendere ad un possibile utente che la scelte dell\u2019Impresa Funebre \u00e8 assolutamente e totalmente libera, specificando ogni volta, altres\u00ec, che \u00e8 libera anche la possibilit\u00e0 di richiedere ulteriori preventivi di spesa.<\/li>\n<li style=\"text-align: justify;\"><span style=\"color: #008000;\"><strong>Informazione e Trasparenza<br \/>\n<\/strong><\/span>La competenza e la preparazione dei singoli acquisitori di servizi che si rivolgono alle famiglie sono tali da consentire un\u2019informazione chiara, dettagliata, precisa e scritta, che consenta nel contempo di avere dati certi e una possibilit\u00e0 di comparazione con eventuali altri preventivi.<\/li>\n<li style=\"text-align: justify;\"><span style=\"color: #008000;\"><strong>Partecipazione<br \/>\n<\/strong><\/span>Le osservazioni fornite da parte dei soggetti coinvolti (anche in maniera non diretta) saranno oggetto di attenzione e miglioramento nella qualit\u00e0 del servizio offerto.<\/li>\n<li style=\"text-align: justify;\"><strong><span style=\"color: #008000;\">Riservatezza<\/span><br \/>\n<\/strong>Campirio e Mangini garantisce che il servizio erogato sia gestito nella pi\u00f9 completa riservatezza: per la gestione dei dati personali nel rispetto del DLGS 196\/30.06.2003, per la gestione della pratica, inclusi eventuali dettagli personali che emergano dal suo svolgimento, nel totale rispetto della dignit\u00e0 personale e del segreto professionale, cui si adegua senza riserve.<\/li>\n<\/ul>\n<p>\n<\/div><\/div>\n<\/div><div class=\"col-md-2 col-sm-2 col-xs-12 \" ><\/div>\n<\/div><\/div>\n","protected":false},"excerpt":{"rendered":"<p>Principi fondamentali Etica: rispetto e cortesia Il rispetto e l\u2019attenzione normalmente necessari per ogni tipologia di servizio fornito ad un cliente deve, necessariamente, nel settore funebre avere un ruolo di primaria rilevanza. Il momento di dolore e la drammaticit\u00e0 dell\u2019evento che sempre porta un familiare colpito da un lutto a chiedere la nostra indispensabile e&#8230;<\/p>\n","protected":false},"author":1,"featured_media":0,"parent":0,"menu_order":0,"comment_status":"closed","ping_status":"closed","template":"page-templates\/full-width.php","meta":{"ngg_post_thumbnail":0,"footnotes":""},"class_list":["post-31","page","type-page","status-publish","hentry","jsn-master"],"_links":{"self":[{"href":"https:\/\/www.campiriomangini.com\/wordpress\/wp-json\/wp\/v2\/pages\/31","targetHints":{"allow":["GET"]}}],"collection":[{"href":"https:\/\/www.campiriomangini.com\/wordpress\/wp-json\/wp\/v2\/pages"}],"about":[{"href":"https:\/\/www.campiriomangini.com\/wordpress\/wp-json\/wp\/v2\/types\/page"}],"author":[{"embeddable":true,"href":"https:\/\/www.campiriomangini.com\/wordpress\/wp-json\/wp\/v2\/users\/1"}],"replies":[{"embeddable":true,"href":"https:\/\/www.campiriomangini.com\/wordpress\/wp-json\/wp\/v2\/comments?post=31"}],"version-history":[{"count":5,"href":"https:\/\/www.campiriomangini.com\/wordpress\/wp-json\/wp\/v2\/pages\/31\/revisions"}],"predecessor-version":[{"id":124,"href":"https:\/\/www.campiriomangini.com\/wordpress\/wp-json\/wp\/v2\/pages\/31\/revisions\/124"}],"wp:attachment":[{"href":"https:\/\/www.campiriomangini.com\/wordpress\/wp-json\/wp\/v2\/media?parent=31"}],"curies":[{"name":"wp","href":"https:\/\/api.w.org\/{rel}","templated":true}]}}